{"id":748,"date":"2012-03-14T20:17:30","date_gmt":"2012-03-14T19:17:30","guid":{"rendered":"https:\/\/www.ziiz.eus\/?page_id=748"},"modified":"2018-06-20T20:24:22","modified_gmt":"2018-06-20T19:24:22","slug":"informazio-iturriak","status":"publish","type":"page","link":"https:\/\/www.ziiz.eus\/es\/ziiz\/informazio-iturriak\/","title":{"rendered":"Fuentes de informaci\u00f3n"},"content":{"rendered":"<p><b>Archivos y Bibliotecas\u00a0<\/b><\/p>\n<p>Archivo General de la Administraci\u00f3n\u00a0de la Obra Sindical de Formaci\u00f3n Profesional<\/p>\n<p>Bergarako Artxiboa<\/p>\n<p>Biblioteca Nacional de Espa\u00f1a (BNE)<\/p>\n<p>Euskal Erkidegoko Herri Administrazioaren Artxibo Nagusia<\/p>\n<p>Gipuzkoako Artxibo Orokorra (GAO)<\/p>\n<p>Gipuzkoako Protokoloen Artxibo Historikoa (GPAH)<\/p>\n<p>Gure Gipuzkoa<\/p>\n<p>Koldo Mitxelena Liburutegia (KM)<\/p>\n<p>Kutxateka<\/p>\n<p>Oficina Espa\u00f1ola de Patentes y Marcas (OEPM)<\/p>\n<p>Archivo del Conde de Villafranca de Gaytan<\/p>\n<p>Zumaiako Artxibo Historikoa (ZAH)<\/p>\n<p>Zestoako Udal Artxibo Historikoa (Zestoako UAH)<\/p>\n<p>Zumaiako fototeka<\/p>\n<p><b>Bibliograf\u00eda<\/b><\/p>\n<p>AGOTE AIZPURUA, X. (2009): \u201cGure itsasontziak\u201d. Bertan 23<\/p>\n<p>AGUIRRE SORONDO, A.: \u00abLos Astilleros guipuzcoanos\u00bb, Eusko Ikaskuntza, 2007<\/p>\n<p>ALDABALDETRECU, PATXI (2000): \u201cMakinak eta Gizakia\u201d. Gida historikoa<\/p>\n<p>ALOY RUIZ, M.M. (1987): \u00abHistoria de la formaci\u00f3n profesional en Guip\u00fazcoa durante el siglo XX\u00bb<\/p>\n<p>ARRINDA, A. (1977): \u201cEuskalerria eta arrantza\u201d<\/p>\n<p>ASPIAZU JAUSORO, L. (1924): \u00a0Cementos Uriarte Zubimendi, S.A.\u00a0Inalterables por las aguas del mar y las selenitosas<\/p>\n<p>BRAVO, R., ARZALUS, F; IZAGA, J.M. URDANGARIN C.; CARBALLO, J.; MANTEROLA I.; OSSA, J.; GONZALEZ, I.: (2000): \u00abArroa-Behea-auzo gazte baten Historia de un barrio joven\u00bb<\/p>\n<p>BURGOS, A.: \u00abLos or\u00edgenes del hormig\u00f3n armado en Espa\u00f1a\u00bb, 2009<\/p>\n<p>BUSTINDUY Y VERGARA, N. (1888):\u201dGuip\u00fazcoa en la Exposici\u00f3n Universal de Barcelona de 1888\u201d<\/p>\n<p>BUSTINDUY Y VERGARA, N. (1894): \u201cLa industria guipuzcoana en fin de siglo\u201d.<\/p>\n<p>CARBALLO, J. (2008): \u00abKarmeldar oinutsen San Jose Komentua\u00bb<\/p>\n<p>Cementos Rezola &#8211; Italcementi Group (1999): \u201cCementos Rezola 150 A\u00f1os de Historia\u201d<\/p>\n<p>DE JUAN GARCIA-AGUADO J.M\u00aa. (2001): La carpinter\u00eda de ribera en Galicia (1940-2000)<\/p>\n<p>Exposici\u00f3n de Eibar, A\u00f1o 1914 &#8211;\u00a0Guia oficial<\/p>\n<p>GALV\u00c1N CASADO, I. : \u00abBreve historia de la Protecci\u00f3n Industrial. Contribuci\u00f3n a las Ciencias Sociales\u00bb, Revista en Internet, 2009<\/p>\n<p>Gipuzkoako Foru Aldundiak: \u201cLa Industria guipuzcoana en 1941\u201d<\/p>\n<p>GONZ\u00c1LEZ ECHEGARAY, R. (1960): \u201cNaufragios en la costa de Cantabria<\/p>\n<p>GONZ\u00c1LEZ ECHEGARAY, R. \u201cNaufragios en la costa de Cantabria (1834-1960)<\/p>\n<p>GORROTXATEGI, A. (2003): \u201cMeatzaritza nekazari-herri batean. 1844-1982&#8243;<\/p>\n<p>HERRERAS, B. (1998): \u201cDos intentos de modernizaci\u00f3n de la siderurgia vasca: la fundici\u00f3n de Vera de Bidasoa y la f\u00e1brica de Iraeta.\u201d<\/p>\n<p>IBA\u00d1EZ, M.; TORECILLA, M.J.; ZABALA, M. (1990): \u00abArqueologia Industrial de Gipuzkoa\u00bb<\/p>\n<p>IZAGA J.M. eta \u00a0URDANGARIN. C.: Lanbide tradizionalak. \u201cGaray: Pospoluak egitetik, aterkiak eta altzairuzko hobiak egitera<\/p>\n<p>LABAYEN, F.M.: \u00abCosas memorables de Guip\u00fazcoa\u00bb.<\/p>\n<p>LASHERAS PE\u00d1A, A. B. (2009): \u201cEspa\u00f1a en Par\u00eds. la imagen nacional en las\u00a0exposiciones universales, 1855-1900\u201d<\/p>\n<p>MUGICA, S. (1918): \u00abGeografia General del Pais Vasco-Navarro. Guip\u00fazcoa\u00bb<\/p>\n<p>ODRIOZOLA, L. (1998): \u00abLa construcci\u00f3n naval en Gipuzkoa. Siglos XVI-XVIII\u00bb, Itsas Memoria. Revista de estudios Mar\u00edtimos del Pa\u00eds Vasco,2,<\/p>\n<p>ODRIOZOLA, L.: \u00abZumaiako portuaren azterlan historikoa\u00bb. Eusko Jaurlaritza, 2002<\/p>\n<p>ODRIOZOLA, l.: \u00abZumaiaren Historia\u00bb. Zumaiako Udala, 1998<\/p>\n<p>OLAIZOLA ELORDI, J.: \u201cLos inicios de la Compa\u00f1\u00eda del Tranv\u00eda de San Sebastian, 1887-1902\u201d<\/p>\n<p>PARDO SAN GIL, J. (1956): \u00abEuzkadiko Gudontzidia. La Marina de Guerra Auxiliar de Euzkadi (1936-39)\u00bb<\/p>\n<p>PARDO, M. (1885): Materiales de Construcci\u00f3n<\/p>\n<p>P\u00c9REZ, J.M.; ALBERDI, X.; ARAG\u00d3N, A. (2005): \u201cMemoria arqueol\u00f3gica Presako Torrea y Antiguo Puerto\u201d. Zumaia PRE-04<\/p>\n<p>PICAVEA, R. \u201c\u00c1lbum gr\u00e1fico descriptivo del pa\u00eds vascongado. A\u00f1os 1914-1915&#8243;. Gipuzkoa liburukia.<\/p>\n<p>SORALUCE, N. (1870): \u201cHistoria general de Guipuzcoa\u201d<\/p>\n<p>Urazandi\u00a0Biduma, (2010): \u201cDelegaciones de Euskadi (1936-1975)<\/p>\n<p>URDANGARIN. C.\u00a0eta\u00a0ALDABALDETRECU, P. (1982): \u201cHistoria T\u00e9cnica y Econ\u00f3mica de la M\u00e1quina-herramienta\u201d<\/p>\n<p>VARAS, M.J.; \u00c1VAREZ DE BUERGO, M.; FORT, R. (2007): \u201cPiedras artificiales: morteros y hormigones. El cemento como m\u00e1ximo representante de estos materiales de construcci\u00f3n.\u201d<\/p>\n<p>ZURBANO, J.G. (1998): \u201cUna aproximaci\u00f3n a la historia de los astilleros guipuzcoanos en la \u00e9poca contempor\u00e1nea (1780-1980)\u201d<\/p>\n<p><b>Revistas, \u00a0Diarios, Anuarios, Sitios web<\/b><\/p>\n<p>ABC &#8211;\u00a0Diario<\/p>\n<p>Anales de la Construcci\u00f3n y de la Industria. 1876<\/p>\n<p>Anuario de Electricidad para 1900<\/p>\n<p>Anuarios de la C\u00e1mara de Comercio, Industria y Navegaci\u00f3n de Gipuzkoa de 1927 y 1928-29<\/p>\n<p>Baleike &#8211; Aldizkaria<\/p>\n<p>BOE-Bolet\u00edn Oficial del Estado<\/p>\n<p>Criterio &#8211; Semanario<\/p>\n<p>Druckguss-Praxis &#8211; Revista<\/p>\n<p>EHAA-Euskal Herriko Agintaritzaren Aldizkaria<\/p>\n<p>El Correo de Guip\u00fazcoa &#8211; Diario<\/p>\n<p>El Diario de San Sebastian &#8211; Diario<\/p>\n<p>El Diario Vasco &#8211; Diario<\/p>\n<p>El Eco de San Sebastian &#8211;\u00a0Diario<\/p>\n<p>El Liberal Guipuzcoano &#8211;\u00a0Diario<\/p>\n<p>El Noticiero de Bilbao &#8211; Egunkaria<\/p>\n<p>El Pais &#8211; Egunkaria, 1914<\/p>\n<p>El Pueblo Vasco &#8211;\u00a0Diario<\/p>\n<p>El Siglo Futuro &#8211;\u00a0Diario<\/p>\n<p>El Sol &#8211;\u00a0Diario<\/p>\n<p>El Urumea &#8211;\u00a0Diario<\/p>\n<p>Espa\u00f1a Mar\u00edtima &#8211; Revista<\/p>\n<p>Estad\u00edstica Minera de Espa\u00f1a. A\u00f1o 1890<\/p>\n<p>Euskal Erria &#8211; Aldizkaria<\/p>\n<p>Gaceta de Madrid<\/p>\n<p><span style=\"line-height: 1.428571429;\">GNet\/gipuzkoa.net.<\/span>\u00a0Izaga J.M, Urdangarin C.: Oficios tradicionales.<\/p>\n<p>Industria e Invenciones &#8211; Revista<\/p>\n<p>Ingenier\u00eda &#8211; Revista<\/p>\n<p>La Acci\u00f3n &#8211;\u00a0Diario<\/p>\n<p>La Constancia &#8211;\u00a0Diario<\/p>\n<p>La Constructora Moderna &#8211; Revista<\/p>\n<p>La Correspondencia de Espa\u00f1a &#8211;\u00a0Diario<\/p>\n<p>La \u00c9poca &#8211;\u00a0Diario<\/p>\n<p>La Esfera &#8211; Revista<\/p>\n<p>La Hormiga de Oro &#8211; Revista<\/p>\n<p>La Industria Nacional-\u00d3rgano de la Liga nacional de productores &#8211; Revista<\/p>\n<p>La Informaci\u00f3n &#8211;\u00a0Diario<\/p>\n<p>La Naci\u00f3n &#8211;\u00a0Diario<\/p>\n<p>La Uni\u00f3n Vascongada -Diario<\/p>\n<p>La Vanguardia &#8211;\u00a0Diario<\/p>\n<p>La Voz de Guip\u00fazcoa &#8211;\u00a0Diario<\/p>\n<p>Madrid Cient\u00edfico &#8211;\u00a0\u00a0Revista<\/p>\n<p>Malla Arria (Mollarri), gureZarautz.net<\/p>\n<p>Mundo Gr\u00e1fico &#8211;\u00a0\u00a0Revista<\/p>\n<p>Nueva Gesti\u00f3n &#8211; Revista<\/p>\n<p>Revista de Obras P\u00fablicas &#8211; Revista<\/p>\n<p>Revista Galega de Econom\u00eda<\/p>\n<p>Uztaro.com<\/p>\n<p>Vasconia &#8211; Revista<\/p>\n<p>Vasconia Industrial y Pesquera &#8211; Revista<\/p>\n<p>Vida Mar\u00edtima &#8211; Revista<\/p>\n<p><b>Otro documentos e informaci\u00f3n oral o escrita\u00a0<\/b><\/p>\n<p>Aguirrezabalaga, Javier<\/p>\n<p>Aizarna, I\u00f1aki<\/p>\n<p>Aizpuru, Tomas<\/p>\n<p>Albizu U., Xabier<\/p>\n<p>Albizu, Xabier<\/p>\n<p>Arrizabalaga, Krispin<\/p>\n<p>Arroitaonandia, Carlos<\/p>\n<p>Asociaci\u00f3n Espa\u00f1ola de Fabricantes de M\u00e1quinas-Herramienta, Accesorios, Componentes y Herramientas (AFM)<\/p>\n<p>Balenciaga, S.A.<\/p>\n<p>Betelu, Jesus<\/p>\n<p>Ega\u00f1a, Juan<\/p>\n<p>Egurko, S.Coop.<\/p>\n<p>Elosua, Aquilino<\/p>\n<p>Etxabe, Luis Mari<\/p>\n<p>Forjas de Iraeta<\/p>\n<p>Gutierrez, Jon<\/p>\n<p>Holke, Rudy<\/p>\n<p>Iriondo, Antonio<\/p>\n<p>Linazisoro, Abelin<\/p>\n<p>Manzisidor, I\u00f1axi<\/p>\n<p>Olasagasti, Jesus Mari<\/p>\n<p>Ostolaza, Imanol<\/p>\n<p>Ostolaza, Maritxu<\/p>\n<p>Rubio, Julian<\/p>\n<p>Unanue Ayestaran, Carmelo \/ Na\u00fatica Unanue, S.L.<\/p>\n<p>Unanue, Miguel Angel<\/p>\n<p>Uranga, Javier<\/p>\n<p>Urbieta, Benigno<\/p>\n<p>Urbieta, Nati<\/p>\n<p>Urdangarin, Carmelo<\/p>\n<p>Uribe, Jose<\/p>\n<p>Yeregui Larrechau, Concepci\u00f3n<\/p>\n<p>Zelaya, Peru<\/p>\n<p>Zubia, Jose Ramon<\/p>\n<p>Zubiaurre, Joxeba<\/p>","protected":false},"excerpt":{"rendered":"<p>Archivos y Bibliotecas\u00a0 Archivo General de la Administraci\u00f3n\u00a0de la Obra Sindical de Formaci\u00f3n Profesional Bergarako Artxiboa Biblioteca Nacional de Espa\u00f1a (BNE) Euskal Erkidegoko Herri Administrazioaren Artxibo Nagusia Gipuzkoako Artxibo Orokorra (GAO) Gipuzkoako Protokoloen Artxibo Historikoa (GPAH) Gure Gipuzkoa Koldo Mitxelena Liburutegia (KM) Kutxateka Oficina Espa\u00f1ola de Patentes y Marcas (OEPM) Archivo del Conde de Villafranca [&hellip;]<\/p>\n","protected":false},"author":1,"featured_media":0,"parent":4,"menu_order":0,"comment_status":"closed","ping_status":"open","template":"","meta":{"_monsterinsights_skip_tracking":false,"_monsterinsights_sitenote_active":false,"_monsterinsights_sitenote_note":"","_monsterinsights_sitenote_category":0,"ngg_post_thumbnail":0,"footnotes":""},"_links":{"self":[{"href":"https:\/\/www.ziiz.eus\/es\/wp-json\/wp\/v2\/pages\/748"}],"collection":[{"href":"https:\/\/www.ziiz.eus\/es\/wp-json\/wp\/v2\/pages"}],"about":[{"href":"https:\/\/www.ziiz.eus\/es\/wp-json\/wp\/v2\/types\/page"}],"author":[{"embeddable":true,"href":"https:\/\/www.ziiz.eus\/es\/wp-json\/wp\/v2\/users\/1"}],"replies":[{"embeddable":true,"href":"https:\/\/www.ziiz.eus\/es\/wp-json\/wp\/v2\/comments?post=748"}],"version-history":[{"count":58,"href":"https:\/\/www.ziiz.eus\/es\/wp-json\/wp\/v2\/pages\/748\/revisions"}],"predecessor-version":[{"id":6024,"href":"https:\/\/www.ziiz.eus\/es\/wp-json\/wp\/v2\/pages\/748\/revisions\/6024"}],"up":[{"embeddable":true,"href":"https:\/\/www.ziiz.eus\/es\/wp-json\/wp\/v2\/pages\/4"}],"wp:attachment":[{"href":"https:\/\/www.ziiz.eus\/es\/wp-json\/wp\/v2\/media?parent=748"}],"curies":[{"name":"wp","href":"https:\/\/api.w.org\/{rel}","templated":true}]}}