{"id":561,"date":"2011-08-24T17:11:01","date_gmt":"2011-08-24T16:11:01","guid":{"rendered":"https:\/\/www.ziiz.eus\/?page_id=561"},"modified":"2016-12-30T10:23:03","modified_gmt":"2016-12-30T09:23:03","slug":"motorrak","status":"publish","type":"page","link":"https:\/\/www.ziiz.eus\/es\/motorrak\/","title":{"rendered":"La industria del motor"},"content":{"rendered":"<p><a class=\"shutterset_\" title=\" M\u00e1quina de vapor o motor de combusti\u00f3n externa. Cedido por Balenciaga, S.A.\" href=\"https:\/\/www.ziiz.eus\/wp-content\/gallery\/motorgintza\/balenciaga-maquina-triple_2.jpg\" data-image-id=\"1512\" data-src=\"https:\/\/www.ziiz.eus\/wp-content\/gallery\/motorgintza\/balenciaga-maquina-triple_2.jpg\" data-thumbnail=\"https:\/\/www.ziiz.eus\/wp-content\/gallery\/motorgintza\/thumbs\/thumbs_balenciaga-maquina-triple_2.jpg\" data-title=\"balenciaga-maquina-triple_2\" data-description=\" \"><img loading=\"lazy\" decoding=\"async\" class=\"ngg-singlepic ngg-none alignleft\" style=\"margin: 10px;\" src=\"https:\/\/www.ziiz.eus\/wp-content\/gallery\/motorgintza\/thumbs\/thumbs_balenciaga-maquina-triple_2.jpg\" alt=\"balenciaga-maquina-triple_2\" width=\"172\" height=\"150\" \/><\/a> El paso de la vela a la propulsi\u00f3n mec\u00e1nica,que supuso un considerable progreso para la navegaci\u00f3n, dio origen a una nueva actividad industrial en Zumaia. La fabricaci\u00f3n de m\u00e1quinas de vapor y motores de combusti\u00f3n interna, iniciada a principios del siglo XX, sirvi\u00f3 de base para generar una importante industria mec\u00e1nica, sobre la que se ha cimentado, en buena parte, el posterior desarrollo industrial y econ\u00f3mico de la villa.<\/p>\n<p>Aunque la aparici\u00f3n de la m\u00e1quina de vapor, a nivel mundial, es anterior al motor de combusti\u00f3n interna, la fabricaci\u00f3n de ambos sistemas, en Zumaia, se inici\u00f3 pr\u00e1cticamente a la vez, durante los primeros a\u00f1os del siglo XX.<\/p>\n<p>Los fabricantes de <span style=\"text-decoration: underline;\">calderas y m\u00e1quinas de vapor<\/span> fueron:<\/p>\n<ul>\n<li><i>Eraso y Compa\u00f1\u00eda<\/i><\/li>\n<li><i>Balenciaga y Compa\u00f1\u00eda<\/i><\/li>\n<li><i>Balenciaga, S.A.<\/i><\/li>\n<li><i>Carmelo Unanue<\/i><\/li>\n<\/ul>\n<p><em>Eraso y Compa\u00f1\u00eda<\/em>,<a class=\"shutterset_\" title=\" Yeregui y Compa\u00f1\u00eda inici\u00f3 el camino en la fabricaci\u00f3n de motores de explosi\u00f3n interna. Cedida por C. Yeregui Larrechau\" href=\"https:\/\/www.ziiz.eus\/wp-content\/gallery\/yeregui-y-cia\/yeregui-y-cia-1927_motorra_0515w.jpg\" data-image-id=\"1514\" data-src=\"https:\/\/www.ziiz.eus\/wp-content\/gallery\/yeregui-y-cia\/yeregui-y-cia-1927_motorra_0515w.jpg\" data-thumbnail=\"https:\/\/www.ziiz.eus\/wp-content\/gallery\/yeregui-y-cia\/thumbs\/thumbs_yeregui-y-cia-1927_motorra_0515w.jpg\" data-title=\"yeregui-y-cia-1927_motorra_0515w\" data-description=\" \"><img loading=\"lazy\" decoding=\"async\" class=\"ngg-singlepic ngg-none alignright\" style=\"margin: 10px;\" src=\"https:\/\/www.ziiz.eus\/wp-content\/gallery\/yeregui-y-cia\/thumbs\/thumbs_yeregui-y-cia-1927_motorra_0515w.jpg\" alt=\"yeregui-y-cia-1927_motorra_0515w\" width=\"200\" height=\"105\" \/><\/a> que lleg\u00f3 a ser uno de los principales astilleros de Gipuzkoa, fue la primera en la fabricaci\u00f3n de calderas y m\u00e1quinas de vapor, a los pocos a\u00f1os de instalarse en Zumaia su fundador Santos Eraso.<\/p>\n<p>Al ser el <span style=\"text-decoration: underline;\">motor de combusti\u00f3n interna<a class=\"shutterset_\" title=\" Yeregui Hermanos, S.A., pionero en los motores Diesel. Cedida por J. Gutierrez\" href=\"https:\/\/www.ziiz.eus\/wp-content\/gallery\/yeregui-hermanos-s-a\/file0092w.jpg\" data-image-id=\"1484\" data-src=\"https:\/\/www.ziiz.eus\/wp-content\/gallery\/yeregui-hermanos-s-a\/file0092w.jpg\" data-thumbnail=\"https:\/\/www.ziiz.eus\/wp-content\/gallery\/yeregui-hermanos-s-a\/thumbs\/thumbs_file0092w.jpg\" data-title=\"file0092w\" data-description=\" \"><img loading=\"lazy\" decoding=\"async\" class=\"ngg-singlepic ngg-none alignleft\" style=\"margin: 10px;\" src=\"https:\/\/www.ziiz.eus\/wp-content\/gallery\/yeregui-hermanos-s-a\/thumbs\/thumbs_file0092w.jpg\" alt=\"file0092w\" width=\"198\" height=\"132\" \/><\/a><\/span> un\u00a0\u00a0producto que poco a poco fue relegando a la m\u00e1quina de vapor, tuvo un mayor desarrollo en la actividad industrial de la villa. La empresa pionera en la producci\u00f3n de motores fue <i>Yeregui y Compa\u00f1\u00eda<\/i>, liderada por Calixto Yeregui, perteneciente a una familia de relojeros, que llegaron a Zumaia procedentes del barrio Aginaga, de Usurbil. Con posterioridad surgieron numerosas iniciativas, con mayor o menor acierto, desarrollo e impacto en el pueblo. Los que adquirieron mayor relevancia como fabricantes de motores, por su car\u00e1cter de pioneros o por su dimensi\u00f3n, fueron <i>Yeregui y Compa\u00f1\u00eda<\/i>,\u00a0<a class=\"shutterset_\" title=\"VHK motako motor bat. ZIIZ \" href=\"https:\/\/www.ziiz.eus\/wp-content\/gallery\/carmelo-unanue-s-a\/Carmelo-Unanue-Motor-VHK-002W.jpg\" data-image-id=\"1755\" data-src=\"https:\/\/www.ziiz.eus\/wp-content\/gallery\/carmelo-unanue-s-a\/Carmelo-Unanue-Motor-VHK-002W.jpg\" data-thumbnail=\"https:\/\/www.ziiz.eus\/wp-content\/gallery\/carmelo-unanue-s-a\/thumbs\/thumbs_Carmelo-Unanue-Motor-VHK-002W.jpg\" data-title=\"Carmelo Unanue-Motor VHK-002W\" data-description=\"VHK motako motor bat. ZIIZ \"><img decoding=\"async\" class=\"ngg-singlepic ngg-right\" src=\"https:\/\/www.ziiz.eus\/wp-content\/gallery\/carmelo-unanue-s-a\/thumbs\/thumbs_Carmelo-Unanue-Motor-VHK-002W.jpg\" alt=\"Carmelo Unanue-Motor VHK-002W\" \/><\/a><i>Yeregui Hermanos<\/i> y <i>Carmelo Unanue<\/i> y m\u00e1s tarde <i>Guascor<\/i>, actualmente <em>\u00a0Dresser-Rand Guascor,\u00a0<\/em>propiedad de la multinacional Siemens.<\/p>\n<p>Cabe citar la empresa<i> Askar<\/i>, propiedad del Bar\u00f3n de Sangarr\u00e9n, que entre otras cosas, fabric\u00f3 gasificadores para mejorar el rendimiento de los motores de explosi\u00f3n.<\/p>\n<p>A las anteriores hay que a\u00f1adir otras que tambi\u00e9n lograron un cierto renombre en el sector y que completan la relaci\u00f3n de fabricantes:<\/p>\n<ul>\n<li><i>Yeregui y Compa\u00f1\u00eda, \u201cYeregui\u201d<\/i><\/li>\n<li><i>Yeregui Hermanos, \u201cYeregui Hermanos\u201d y \u201cDiesel YH\u201d<\/i><\/li>\n<li><i>Carmelo Unanue, \u201cUnanue\u201d<\/i><\/li>\n<li><em>\u00abAskar\u00bb<\/em><\/li>\n<li><i>Talleres Beal, \u201cBeal\u201d<\/i><\/li>\n<li><i>Carmelo Echave<\/i><\/li>\n<li><i>Talleres Auxiliares Juaristi, \u201cJuaristi\u201d<\/i><\/li>\n<li><i>Talleres Arritoquieta, \u201cUrin\u201d<\/i><\/li>\n<li><i>Guascor\/Dresser-Rand <\/i>(la \u00fanica en activo)<\/li>\n<\/ul>\n<p>Hay que se\u00f1alar otras empresas que coyunturalmente o durante un tiempo no muy largo, tambi\u00e9n fabricaron motores de explosi\u00f3n interna:<\/p>\n<p><a class=\"shutterset_\" title=\" Numerosos cascos de barco a la espera de incorporarles el motor y realizar las operaciones de montaje\" href=\"https:\/\/www.ziiz.eus\/wp-content\/gallery\/motorgintza\/barcos-a-la-espera-de-montaje-2_1.jpg\" data-image-id=\"1567\" data-src=\"https:\/\/www.ziiz.eus\/wp-content\/gallery\/motorgintza\/barcos-a-la-espera-de-montaje-2_1.jpg\" data-thumbnail=\"https:\/\/www.ziiz.eus\/wp-content\/gallery\/motorgintza\/thumbs\/thumbs_barcos-a-la-espera-de-montaje-2_1.jpg\" data-title=\"barcos-a-la-espera-de-montaje-2_1\" data-description=\" \"><img loading=\"lazy\" decoding=\"async\" class=\"ngg-singlepic ngg-none alignright\" style=\"margin: 10px;\" src=\"https:\/\/www.ziiz.eus\/wp-content\/gallery\/motorgintza\/thumbs\/thumbs_barcos-a-la-espera-de-montaje-2_1.jpg\" alt=\"barcos-a-la-espera-de-montaje-2_1\" width=\"200\" height=\"118\" \/><\/a><\/p>\n<ul>\n<li><i>Balenciaga, S.A., \u201cBalenciaga\u201d<\/i><\/li>\n<li><i>Saturnino Echaniz, \u201cEYE\u201d<\/i><\/li>\n<li><i>Otto Holke, \u201cHOYE\u201d<\/i><\/li>\n<li><em>Urpemak \u00abUrpe\u00bb<\/em><\/li>\n<li><i>Industrias Satesa, \u201dSatesa\u201d<\/i><\/li>\n<li><i>Pedro Zubia, \u201cZubega\u201d<\/i><\/li>\n<li><i>Jos\u00e9 Manuel Balenciaga, luego Balenciaga Hermanos, \u201cBAZ\u201d<\/i><\/li>\n<\/ul>\n<p>A destacar las actividades inducidas por la fabricaci\u00f3n de motores y la construcci\u00f3n de barcos, necesarias para el montaje y pertrechado de las embarcaciones, que generaban puestos de trabajo en talleres auxiliares de carpinter\u00eda, mec\u00e1nica, electricidad y calderer\u00eda.<\/p>\n<p style=\"text-align: center;\"><a class=\"shutterset_\" title=\" Guascor mantiene el testigo de la actividad de fabricaci\u00f3n de motores. \" href=\"https:\/\/www.ziiz.eus\/wp-content\/gallery\/motorgintza\/resizearportada-1.jpg\" data-image-id=\"1513\" data-src=\"https:\/\/www.ziiz.eus\/wp-content\/gallery\/motorgintza\/resizearportada-1.jpg\" data-thumbnail=\"https:\/\/www.ziiz.eus\/wp-content\/gallery\/motorgintza\/thumbs\/thumbs_resizearportada-1.jpg\" data-title=\"resizearportada-1\" data-description=\" \"><img loading=\"lazy\" decoding=\"async\" class=\"ngg-singlepic ngg-none aligncenter\" src=\"https:\/\/www.ziiz.eus\/wp-content\/gallery\/motorgintza\/thumbs\/thumbs_resizearportada-1.jpg\" alt=\"resizearportada-1\" width=\"200\" height=\"146\" \/><\/a><\/p>\n<p><\/p>","protected":false},"excerpt":{"rendered":"<p>El paso de la vela a la propulsi\u00f3n mec\u00e1nica,que supuso un considerable progreso para la navegaci\u00f3n, dio origen a una nueva actividad industrial en Zumaia. La fabricaci\u00f3n de m\u00e1quinas de vapor y motores de combusti\u00f3n interna, iniciada a principios del siglo XX, sirvi\u00f3 de base para generar una importante industria mec\u00e1nica, sobre la que se [&hellip;]<\/p>\n","protected":false},"author":1,"featured_media":3454,"parent":0,"menu_order":0,"comment_status":"closed","ping_status":"open","template":"","meta":{"_monsterinsights_skip_tracking":false,"_monsterinsights_sitenote_active":false,"_monsterinsights_sitenote_note":"","_monsterinsights_sitenote_category":0,"ngg_post_thumbnail":0,"footnotes":""},"_links":{"self":[{"href":"https:\/\/www.ziiz.eus\/es\/wp-json\/wp\/v2\/pages\/561"}],"collection":[{"href":"https:\/\/www.ziiz.eus\/es\/wp-json\/wp\/v2\/pages"}],"about":[{"href":"https:\/\/www.ziiz.eus\/es\/wp-json\/wp\/v2\/types\/page"}],"author":[{"embeddable":true,"href":"https:\/\/www.ziiz.eus\/es\/wp-json\/wp\/v2\/users\/1"}],"replies":[{"embeddable":true,"href":"https:\/\/www.ziiz.eus\/es\/wp-json\/wp\/v2\/comments?post=561"}],"version-history":[{"count":90,"href":"https:\/\/www.ziiz.eus\/es\/wp-json\/wp\/v2\/pages\/561\/revisions"}],"predecessor-version":[{"id":5900,"href":"https:\/\/www.ziiz.eus\/es\/wp-json\/wp\/v2\/pages\/561\/revisions\/5900"}],"wp:featuredmedia":[{"embeddable":true,"href":"https:\/\/www.ziiz.eus\/es\/wp-json\/wp\/v2\/media\/3454"}],"wp:attachment":[{"href":"https:\/\/www.ziiz.eus\/es\/wp-json\/wp\/v2\/media?parent=561"}],"curies":[{"name":"wp","href":"https:\/\/api.w.org\/{rel}","templated":true}]}}