{"id":552,"date":"2011-08-24T17:10:39","date_gmt":"2011-08-24T16:10:39","guid":{"rendered":"https:\/\/www.ziiz.eus\/?page_id=552"},"modified":"2024-05-31T13:08:07","modified_gmt":"2024-05-31T12:08:07","slug":"makina-erraminta","status":"publish","type":"page","link":"https:\/\/www.ziiz.eus\/es\/makina-erraminta\/","title":{"rendered":"M\u00e1quinas-herramienta y otras"},"content":{"rendered":"<p><a class=\"shutterset_\" title=\" Holke, pionero en m\u00e1quina-herramienta. Cedida por R. Holke\" href=\"https:\/\/www.ziiz.eus\/wp-content\/gallery\/otto-holke\/Fresadora-Holke-F3-001W.jpg\" data-image-id=\"1646\" data-src=\"https:\/\/www.ziiz.eus\/wp-content\/gallery\/otto-holke\/Fresadora-Holke-F3-001W.jpg\" data-thumbnail=\"https:\/\/www.ziiz.eus\/wp-content\/gallery\/otto-holke\/thumbs\/thumbs_Fresadora-Holke-F3-001W.jpg\" data-title=\"Fresadora Holke F3 - 001W\" data-description=\" \"><img loading=\"lazy\" decoding=\"async\" class=\"ngg-singlepic ngg-left alignleft\" style=\"margin: 10px;\" src=\"https:\/\/www.ziiz.eus\/wp-content\/gallery\/otto-holke\/thumbs\/thumbs_Fresadora-Holke-F3-001W.jpg\" alt=\"Fresadora Holke F3 - 001W\" width=\"136\" height=\"150\" \/><\/a>La m\u00e1quina-herramienta llega a Zumaia de la mano de Otto Holke, de nacionalidad alemana, cuando el a\u00f1o 1935 adquiere las instalaciones de <i>Talleres Askar<\/i>, que anteriormente pertenecieron a <i>Yeregui y Compa\u00f1\u00eda<\/i>, para iniciar la fabricaci\u00f3n de m\u00e1quinas fresadoras del tipo universal. La cultura industrial generada en la villa desde principios de siglo y la existencia de mano de obra cualificada en la rama mec\u00e1nica, debieron ser factores que influyeron en Otto Holke,<a class=\"shutterset_\" title=\" Juli\u00e1n Eguiguren, especializado en tornos paralelos. Foto Pascual, Patrimonio Cultural, Gobierno Vasco\" href=\"https:\/\/www.ziiz.eus\/wp-content\/gallery\/julian-eguiguren\/29_1.jpg\" data-image-id=\"1546\" data-src=\"https:\/\/www.ziiz.eus\/wp-content\/gallery\/julian-eguiguren\/29_1.jpg\" data-thumbnail=\"https:\/\/www.ziiz.eus\/wp-content\/gallery\/julian-eguiguren\/thumbs\/thumbs_29_1.jpg\" data-title=\"29_1\" data-description=\" \"><img loading=\"lazy\" decoding=\"async\" class=\"ngg-singlepic ngg-none alignright\" style=\"margin: 10px;\" src=\"https:\/\/www.ziiz.eus\/wp-content\/gallery\/julian-eguiguren\/thumbs\/thumbs_29_1.jpg\" alt=\"29_1\" width=\"200\" height=\"146\" \/><\/a> un gran y reconocido t\u00e9cnico, al decidir establecerse en Zumaia.<\/p>\n<p>Con posterioridad se dieron varias iniciativas, que junto con <i>Holke<\/i>, constituyen el conjunto de empresas del sector:<\/p>\n<ul>\n<li><i>Otto Holke,<\/i> fresadoras universales y de torreta.<i><\/i><\/li>\n<li><i>Julian Eguiguren<\/i>, tornos paralelos.<\/li>\n<li><i>Industrias Satesa<\/i>, tornos paralelos.<\/li>\n<li><i>Talleres Aizape<\/i>, fresadoras.<\/li>\n<li><i>Urpemak<\/i>, tornos, mortajadoras y sistemas de inyecci\u00f3n.<\/li>\n<li><i>Egurko, S. Coop<\/i>., maquinaria para trabajar la madera.<\/li>\n<\/ul>\n<p><a class=\"shutterset_\" title=\" Urpe, fabricante de m\u00e1quinas de inyecci\u00f3n y otras. Cat\u00e1logo de AFM\" href=\"https:\/\/www.ziiz.eus\/wp-content\/gallery\/urpemak\/urpemak-maquina-inyeccion_camara-caliente.jpg\" data-image-id=\"978\" data-src=\"https:\/\/www.ziiz.eus\/wp-content\/gallery\/urpemak\/urpemak-maquina-inyeccion_camara-caliente.jpg\" data-thumbnail=\"https:\/\/www.ziiz.eus\/wp-content\/gallery\/urpemak\/thumbs\/thumbs_urpemak-maquina-inyeccion_camara-caliente.jpg\" data-title=\"urpemak-maquina-inyeccion_camara-caliente\" data-description=\" \"><img loading=\"lazy\" decoding=\"async\" class=\"ngg-singlepic ngg-none alignleft\" style=\"margin: 10px;\" src=\"https:\/\/www.ziiz.eus\/wp-content\/gallery\/urpemak\/thumbs\/thumbs_urpemak-maquina-inyeccion_camara-caliente.jpg\" alt=\"urpemak-maquina-inyeccion_camara-caliente\" width=\"200\" height=\"138\" \/><\/a>Hubo otras dos empresas, que aunque su actividad principal fue otra, hicieron alguna incursi\u00f3n en la m\u00e1quina-herramienta: <i>Industrias Mec\u00e1nicas Autornifer<\/i>, que fabric\u00f3 algunos tornos paralelos y <i>Talleres Arritoquieta<\/i>, que fabric\u00f3 taladros de sobremesa.\u00a0 Tambi\u00e9n cabe mencionar a <em>Talleres Beal<\/em> que fabric\u00f3, por encargo, diversas m\u00e1quinas, como cortadoras y enrolladoras o curvadoras de chapa, taladros y tornos,<a class=\"shutterset_\" title=\" Egurko,especializada en maquinaria para trabaja la madera. Archivo de la empresa\" href=\"https:\/\/www.ziiz.eus\/wp-content\/gallery\/egurko-s-coop\/ch14-vista-dcha-cab-abiertaw.jpg\" data-image-id=\"1525\" data-src=\"https:\/\/www.ziiz.eus\/wp-content\/gallery\/egurko-s-coop\/ch14-vista-dcha-cab-abiertaw.jpg\" data-thumbnail=\"https:\/\/www.ziiz.eus\/wp-content\/gallery\/egurko-s-coop\/thumbs\/thumbs_ch14-vista-dcha-cab-abiertaw.jpg\" data-title=\"ch14-vista-dcha-cab-abiertaw\" data-description=\" \"><img loading=\"lazy\" decoding=\"async\" class=\"ngg-singlepic ngg-none alignright\" style=\"margin: 10px;\" src=\"https:\/\/www.ziiz.eus\/wp-content\/gallery\/egurko-s-coop\/thumbs\/thumbs_ch14-vista-dcha-cab-abiertaw.jpg\" alt=\"ch14-vista-dcha-cab-abiertaw\" width=\"198\" height=\"105\" \/><\/a> en su mayor\u00eda para la empresa Balenciaga, S.A., y a <i>Talleres Urgain<\/i>, que produjo subconjuntos (delantales, charriots y cajas Norton) para los tornos \u2018Echea\u2019, de Hernani, y m\u00e1quinas para trabajar la madera, antes de fusionarse con Industrias Zumaia, para la creaci\u00f3n de Egurko, S. Coop.<\/p>","protected":false},"excerpt":{"rendered":"<p>La m\u00e1quina-herramienta llega a Zumaia de la mano de Otto Holke, de nacionalidad alemana, cuando el a\u00f1o 1935 adquiere las instalaciones de Talleres Askar, que anteriormente pertenecieron a Yeregui y Compa\u00f1\u00eda, para iniciar la fabricaci\u00f3n de m\u00e1quinas fresadoras del tipo universal. La cultura industrial generada en la villa desde principios de siglo y la existencia [&hellip;]<\/p>\n","protected":false},"author":1,"featured_media":3502,"parent":0,"menu_order":0,"comment_status":"closed","ping_status":"open","template":"","meta":{"_monsterinsights_skip_tracking":false,"_monsterinsights_sitenote_active":false,"_monsterinsights_sitenote_note":"","_monsterinsights_sitenote_category":0,"ngg_post_thumbnail":0,"footnotes":""},"_links":{"self":[{"href":"https:\/\/www.ziiz.eus\/es\/wp-json\/wp\/v2\/pages\/552"}],"collection":[{"href":"https:\/\/www.ziiz.eus\/es\/wp-json\/wp\/v2\/pages"}],"about":[{"href":"https:\/\/www.ziiz.eus\/es\/wp-json\/wp\/v2\/types\/page"}],"author":[{"embeddable":true,"href":"https:\/\/www.ziiz.eus\/es\/wp-json\/wp\/v2\/users\/1"}],"replies":[{"embeddable":true,"href":"https:\/\/www.ziiz.eus\/es\/wp-json\/wp\/v2\/comments?post=552"}],"version-history":[{"count":57,"href":"https:\/\/www.ziiz.eus\/es\/wp-json\/wp\/v2\/pages\/552\/revisions"}],"predecessor-version":[{"id":7277,"href":"https:\/\/www.ziiz.eus\/es\/wp-json\/wp\/v2\/pages\/552\/revisions\/7277"}],"wp:featuredmedia":[{"embeddable":true,"href":"https:\/\/www.ziiz.eus\/es\/wp-json\/wp\/v2\/media\/3502"}],"wp:attachment":[{"href":"https:\/\/www.ziiz.eus\/es\/wp-json\/wp\/v2\/media?parent=552"}],"curies":[{"name":"wp","href":"https:\/\/api.w.org\/{rel}","templated":true}]}}