{"id":3666,"date":"2014-03-05T15:08:17","date_gmt":"2014-03-05T14:08:17","guid":{"rendered":"https:\/\/www.ziiz.eus\/?page_id=3666"},"modified":"2023-04-28T10:42:21","modified_gmt":"2023-04-28T09:42:21","slug":"eskola-profesionala-lanbide-eskola","status":"publish","type":"page","link":"https:\/\/www.ziiz.eus\/es\/eskola-profesionala-lanbide-eskola\/","title":{"rendered":"Escuela Profesional"},"content":{"rendered":"<p><\/p>\n<p style=\"text-align: left;\" align=\"center\"><b>Fundaci\u00f3n<\/b><\/p>\n<p>La formaci\u00f3n profesional como herramienta fundamental para el desarrollo productivo e industrial, dio un importante paso en Zumaia, a comienzos de la d\u00e9cada de los 50 del pasado siglo. Con el objeto de mejorar la capacitaci\u00f3n de los j\u00f3venes trabajadores surgi\u00f3 el proyecto de crear una escuela profesional.<a class=\"shutterset_\" title=\" Miembros del Patronato y profesores de los inicios de la Escuela. Cedida por J.R. Zubia\" href=\"https:\/\/www.ziiz.eus\/wp-content\/gallery\/eskola-profesionala\/escuela-profesional-patronato-y-autoridades-1.jpg\" data-image-id=\"1578\" data-src=\"https:\/\/www.ziiz.eus\/wp-content\/gallery\/eskola-profesionala\/escuela-profesional-patronato-y-autoridades-1.jpg\" data-thumbnail=\"https:\/\/www.ziiz.eus\/wp-content\/gallery\/eskola-profesionala\/thumbs\/thumbs_escuela-profesional-patronato-y-autoridades-1.jpg\" data-title=\"escuela-profesional-patronato-y-autoridades-1\" data-description=\" \"><img loading=\"lazy\" decoding=\"async\" class=\"ngg-singlepic ngg-none alignleft\" style=\"margin: 10px;\" alt=\"escuela-profesional-patronato-y-autoridades-1\" src=\"https:\/\/www.ziiz.eus\/wp-content\/gallery\/eskola-profesionala\/thumbs\/thumbs_escuela-profesional-patronato-y-autoridades-1.jpg\" width=\"200\" height=\"142\" \/><\/a><\/p>\n<p><i>\u00a0\u201cDesde hace ya muchos a\u00f1os se consideraba dotar a nuestro pueblo de una Escuela Profesional. Zumaya, pueblo netamente industrial, gozando de amplio prestigio en los ramos industriales a que se ha dedicado, contando con una mano de obra especialmente dispuesta para el trabajo mec\u00e1nico; necesitaba una Escuela Profesional que, en bien de todos, desarrollara las aptitudes de los obreros.\u201d<\/i><a id=\"tippy_tip9_6307_anchor\"><\/a> <div class=\"tippy\" data-title=\"10\" data-href=\"https:\/\/www.ziiz.eus\/es\/eskola-profesionala-lanbide-eskola\/#foot_text_3666_10\" data-class=\"annie_footnoteRef annie_custom\" data-name=\"foot_loc_3666_10\" data-showheader=\"\" data-anchor=\"#tippy_tip9_6307_anchor\" >ZAH. Sig. 382.10<\/div>\u00a0As\u00ed rezaba en la introducci\u00f3n de un escrito que puede considerarse como el documento fundacional o al menos de puesta en marcha de la Escuela Profesional, lamentablemente incompleto, y probablemente, redactado a principios de 1952.<a class=\"shutterset_\" title=\" Alumnos de una clase realizando sus tareas con gran atenci\u00f3n. Archivo General de la Administraci\u00f3n de la Obra Sindical de Formaci\u00f3n Profesional\" href=\"https:\/\/www.ziiz.eus\/wp-content\/gallery\/eskola-profesionala\/escuela-profesional-aula-2w.jpg\" data-image-id=\"1582\" data-src=\"https:\/\/www.ziiz.eus\/wp-content\/gallery\/eskola-profesionala\/escuela-profesional-aula-2w.jpg\" data-thumbnail=\"https:\/\/www.ziiz.eus\/wp-content\/gallery\/eskola-profesionala\/thumbs\/thumbs_escuela-profesional-aula-2w.jpg\" data-title=\"escuela-profesional-aula-2w\" data-description=\" \"><img loading=\"lazy\" decoding=\"async\" class=\"ngg-singlepic ngg-none alignright\" style=\"margin: 10px;\" alt=\"escuela-profesional-aula-2w\" src=\"https:\/\/www.ziiz.eus\/wp-content\/gallery\/eskola-profesionala\/thumbs\/thumbs_escuela-profesional-aula-2w.jpg\" width=\"200\" height=\"146\" \/><\/a><\/p>\n<p>Tambi\u00e9n se dec\u00eda en el mismo documento \u201c<i>Lanzada la idea de hacer realidad esta aspiraci\u00f3n popular, se constituy\u00f3 una Comisi\u00f3n formada por representaciones del Iltre. Ayuntamiento, Cooperativa Obrera y Centro Parroquial, para solucionar los diversos problemas previos a la creaci\u00f3n de una ESCUELA PROFESIONAL.<\/i><\/p>\n<p><i>Hoy despu\u00e9s de varios meses de labor, contando con la ayuda econ\u00f3mica del Iltre. Ayuntamiento, Cooperativa Obrera e industriales que m\u00e1s abajo se detallan,<\/i> (falta la hoja donde se detallan)<i> podemos anunciaros que la ESCUELA PROFESIONAL en plan nocturno ser\u00e1 un hecho en Octubre del presente a\u00f1o en los locales que antiguamente ocupaba el Centro Parroquial.\u201d <\/i>Dichos locales estaban en la primera planta del edificio de la Alh\u00f3ndiga.<a class=\"shutterset_\" title=\" Trabajando en un taladro de columna. Archivo General de la Administraci\u00f3n de la Obra Sindical de Formaci\u00f3n Profesional\" href=\"https:\/\/www.ziiz.eus\/wp-content\/gallery\/eskola-profesionala\/escuela-profesional-taller-4w.jpg\" data-image-id=\"1583\" data-src=\"https:\/\/www.ziiz.eus\/wp-content\/gallery\/eskola-profesionala\/escuela-profesional-taller-4w.jpg\" data-thumbnail=\"https:\/\/www.ziiz.eus\/wp-content\/gallery\/eskola-profesionala\/thumbs\/thumbs_escuela-profesional-taller-4w.jpg\" data-title=\"escuela-profesional-taller-4w\" data-description=\" \"><img loading=\"lazy\" decoding=\"async\" class=\"ngg-singlepic ngg-none alignleft\" style=\"margin: 10px;\" alt=\"escuela-profesional-taller-4w\" src=\"https:\/\/www.ziiz.eus\/wp-content\/gallery\/eskola-profesionala\/thumbs\/thumbs_escuela-profesional-taller-4w.jpg\" width=\"108\" height=\"150\" \/><\/a><i><\/i><\/p>\n<p>En el mencionado documento se describen las condiciones de ingreso y las primeras actividades a desarrollar, que incluyen un examen de ingreso, y en su caso, un curso preparatorio para aqu\u00e9llos que no lo superen, que se impartir\u00eda entre el 10 de marzo y finales de junio del citado a\u00f1o, en los locales del Grupo Escolar de Arrangoleta, de 7 a 9 de la tarde.<\/p>\n<p>Tambi\u00e9n se concretan los estudios que se cursar\u00e1n a partir de octubre: Cultura General, Dibujo, Aritm\u00e9tica y \u00c1lgebra, F\u00edsica y Tecnolog\u00eda.<\/p>\n<p>Y los promotores lanzaban el siguiente mensaje: \u201c<i>\u00a1ZUMAYANOS: EN VUESTRAS MANOS ESTAR\u00c1 EN ADELANTE EL DESTACAR EN VUESTRA PROFESI\u00d3N!\u201d<\/i><\/p>\n<p>Se cre\u00f3 un Patronato, como \u00f3rgano rector de la Escuela, formado por representantes del Ayuntamiento, Cooperativa Obrera, otras entidades y empresas industriales que prestaron su apoyo, <em>Otto Holke, Balenciaga, S.A. <\/em>y<em>\u00a0Carmelo Unanue<\/em>, entre otros. Adem\u00e1s de Eduardo Zubia, que ocup\u00f3 el cargo de Presidente, fueron miembros del Patronato Manuel Ant\u00eda, Akilino Elosua, Otto Holke, I\u00f1aki Ajuria, Mat\u00edas Carballo, Jos\u00e9 Luis Alberdi y Jos\u00e9 Ignacio Apestegui, entre otros, actuando de Secretario Jos\u00e9 Ram\u00f3n Zubia.<a id=\"tippy_tip10_2159_anchor\"><\/a> <div class=\"tippy\" data-title=\"11\" data-href=\"https:\/\/www.ziiz.eus\/es\/eskola-profesionala-lanbide-eskola\/#foot_text_3666_11\" data-class=\"annie_footnoteRef annie_custom\" data-name=\"foot_loc_3666_11\" data-showheader=\"\" data-anchor=\"#tippy_tip10_2159_anchor\" >Informaci\u00f3n facilitada por Jos\u00e9 Ram\u00f3n Zubia<\/div><a title=\"\" href=\"file:\/\/\/C:\/Users\/PMEtxabe\/Documents\/ZIIZ\/Formaci%C3%B3n%20profesional\/Escuela%20Profesional\/Escuela%20Profesional-cas.doc#_edn2\"><br \/>\n<\/a><\/p>\n<p>Los primeros profesores de la Escuela fueron: Eugenio Zabarte y Jos\u00e9 Cruz Echeverria de Arrasate; Juan Jos\u00e9 Zabala, Manuel Regalado e I\u00f1aki Beobide de Zumaia, y Alberto Balenciaga, de Zarautz, siendo Eugenio Zabarte el primero en impartir las disciplinas t\u00e9cnicas de tecnolog\u00eda y dibujo t\u00e9cnico.<\/p>\n<p><b>Cesi\u00f3n a la Obra Sindical de Formaci\u00f3n Profesional<\/b><\/p>\n<p>La Junta de Patronato, en sesi\u00f3n extraordinaria celebrada el 15 de marzo de 1953, acord\u00f3 la cesi\u00f3n de la Escuela a la Obra Sindical de Formaci\u00f3n Profesional, perteneciente al Sindicato Vertical,<a class=\"shutterset_\" title=\" Fachada de la Escuela. Archivo General de la Administraci\u00f3n de la Obra Sindical de Formaci\u00f3n Profesional\" href=\"https:\/\/www.ziiz.eus\/wp-content\/gallery\/eskola-profesionala\/escuela-profesional-vista-exterior-3-002.jpg\" data-image-id=\"1581\" data-src=\"https:\/\/www.ziiz.eus\/wp-content\/gallery\/eskola-profesionala\/escuela-profesional-vista-exterior-3-002.jpg\" data-thumbnail=\"https:\/\/www.ziiz.eus\/wp-content\/gallery\/eskola-profesionala\/thumbs\/thumbs_escuela-profesional-vista-exterior-3-002.jpg\" data-title=\"escuela-profesional-vista-exterior-3-002\" data-description=\" \"><img loading=\"lazy\" decoding=\"async\" class=\"ngg-singlepic ngg-none alignright\" style=\"margin: 10px;\" alt=\"escuela-profesional-vista-exterior-3-002\" src=\"https:\/\/www.ziiz.eus\/wp-content\/gallery\/eskola-profesionala\/thumbs\/thumbs_escuela-profesional-vista-exterior-3-002.jpg\" width=\"108\" height=\"150\" \/><\/a> manteni\u00e9ndose el Patronato como \u00f3rgano de gobierno, solicitando al Ayuntamiento el traspaso a dicho Organismo de los locales en donde se halla instalada la Escuela, en las mismas condiciones que se fijaron en su d\u00eda al Patronato. En adelante, la Escuela pasa a denominarse <i>Escuela Sindical de Formaci\u00f3n Profesional Virgen de Arritokieta.<\/i><a id=\"tippy_tip11_2363_anchor\"><\/a> <div class=\"tippy\" data-title=\"12\" data-href=\"https:\/\/www.ziiz.eus\/es\/eskola-profesionala-lanbide-eskola\/#foot_text_3666_12\" data-class=\"annie_footnoteRef annie_custom\" data-name=\"foot_loc_3666_12\" data-showheader=\"\" data-anchor=\"#tippy_tip11_2363_anchor\" >ZAH. Sig. 382.10<\/div>\u00a0En el curso escolar 1953-54 contaba con 17 alumnos y se dio comienzo a las clases diurnas, con una jornada de 9:00 a 12:00 de la ma\u00f1ana y de 2:00 a 6:00 de la tarde, siendo tambi\u00e9n lectivo el s\u00e1bado. Se\u00f1alar que la Escuela era gratuita.<i><\/i><\/p>\n<p>La direcci\u00f3n de la Escuela fue asignada al superior que regentaba la escuela de los Mercedarios Descalzos, en el edificio de Ubillos, siendo primero Jos\u00e9 Chimeno, hasta el curso 1958-59 y despu\u00e9s Rafael Bragado.<a class=\"shutterset_\" title=\" Vista del taller. Archivo General de la Administraci\u00f3n de la Obra Sindical de Formaci\u00f3n Profesional\" href=\"https:\/\/www.ziiz.eus\/wp-content\/gallery\/eskola-profesionala\/escuela-profesional-tallerw.jpg\" data-image-id=\"1585\" data-src=\"https:\/\/www.ziiz.eus\/wp-content\/gallery\/eskola-profesionala\/escuela-profesional-tallerw.jpg\" data-thumbnail=\"https:\/\/www.ziiz.eus\/wp-content\/gallery\/eskola-profesionala\/thumbs\/thumbs_escuela-profesional-tallerw.jpg\" data-title=\"escuela-profesional-tallerw\" data-description=\" \"><img loading=\"lazy\" decoding=\"async\" class=\"ngg-singlepic ngg-none alignleft\" style=\"margin: 10px;\" alt=\"escuela-profesional-tallerw\" src=\"https:\/\/www.ziiz.eus\/wp-content\/gallery\/eskola-profesionala\/thumbs\/thumbs_escuela-profesional-tallerw.jpg\" width=\"200\" height=\"148\" \/><\/a><\/p>\n<p>Estando Jos\u00e9 Chimeno de director se produjeron renovaciones en el cuadro de profesores con la llegada de Juan Garitano y Francisco Iraola, ambos de Zegama, que se encargaban de las pr\u00e1cticas de taller y de la asignatura de Tecnolog\u00eda, de Clamades Blanco que imparti\u00f3 las materias de f\u00edsica, qu\u00edmica y dibujo, y varios frailes de la orden de Mercedarios Descalzos que se encargaban del resto de asignaturas como matem\u00e1ticas y lengua espa\u00f1ola. La asignatura de Formaci\u00f3n del Esp\u00edritu Nacional, que si bien su objetivo era el de infundir a los escolares el esp\u00edritu y la doctrina del Movimiento Nacional, en la pr\u00e1ctica era considerada como la clase de gimnasia, que era atendida por profesores designados por el Ministerio de Educaci\u00f3n Nacional, a propuesta de la Delegaci\u00f3n Nacional del Frente de Juventudes; Jos\u00e9 Luis Samaniego y Santiago Araujo fueron algunos de ellos.<\/p>\n<p>En sesi\u00f3n celebrada el 10 de febrero de 1954, el pleno del Ayuntamiento acord\u00f3 ceder con car\u00e1cter gratuito y por tiempo indeterminado, la mitad del local de la planta baja de la Alh\u00f3ndiga Municipal, para la instalaci\u00f3n del taller <i>\u201cpara la ense\u00f1anza pr\u00e1ctica de mec\u00e1nica\u201d <\/i>autorizando la ejecuci\u00f3n de las obras necesarias para ello.<a id=\"tippy_tip12_6340_anchor\"><\/a> <div class=\"tippy\" data-title=\"13\" data-href=\"https:\/\/www.ziiz.eus\/es\/eskola-profesionala-lanbide-eskola\/#foot_text_3666_13\" data-class=\"annie_footnoteRef annie_custom\" data-name=\"foot_loc_3666_13\" data-showheader=\"\" data-anchor=\"#tippy_tip12_6340_anchor\" >ZAH. Sig. 382.10<\/div><a class=\"shutterset_\" title=\" En clase de Tecnolog\u00eda, con el profesor Juan Garitano. Cedida por Tom\u00e1s Aizpuru\" href=\"https:\/\/www.ziiz.eus\/wp-content\/gallery\/eskola-profesionala\/p1050350-1.jpg\" data-image-id=\"1587\" data-src=\"https:\/\/www.ziiz.eus\/wp-content\/gallery\/eskola-profesionala\/p1050350-1.jpg\" data-thumbnail=\"https:\/\/www.ziiz.eus\/wp-content\/gallery\/eskola-profesionala\/thumbs\/thumbs_p1050350-1.jpg\" data-title=\"p1050350-1\" data-description=\" \"><img loading=\"lazy\" decoding=\"async\" class=\"ngg-singlepic ngg-none alignright\" style=\"margin: 10px;\" alt=\"p1050350-1\" src=\"https:\/\/www.ziiz.eus\/wp-content\/gallery\/eskola-profesionala\/thumbs\/thumbs_p1050350-1.jpg\" width=\"198\" height=\"122\" \/><\/a><a title=\"\" href=\"file:\/\/\/C:\/Users\/PMEtxabe\/Documents\/ZIIZ\/Formaci%C3%B3n%20profesional\/Escuela%20Profesional\/Escuela%20Profesional-cas.doc#_edn4\"><br \/>\n<\/a><\/p>\n<p>Por Orden del 7 de abril de 1959 del Ministerio de Educaci\u00f3n Nacional es clasificado como Centro no oficial \u201cautorizado\u201d de Formaci\u00f3n Profesional Industrial, correspondiente \u00fanicamente, al Grado de Iniciaci\u00f3n Profesional (Preaprendizaje), imparti\u00e9ndose el segundo curso de este grado. No obstante y sin contar con la oportuna autorizaci\u00f3n, se impart\u00edan otros dos equivalentes a los primeros cursos del Grado de Aprendizaje (Oficial\u00eda Industrial), hasta el curso escolar 1961-62 y los tres cursos de este grado a partir de 1962-63. Esto ocasion\u00f3 problemas a aqu\u00e9llos alumnos que intentaron continuar los estudios de Maestr\u00eda Industrial en otro centro, al no contar con el t\u00edtulo de Oficial\u00eda Industrial.<a id=\"tippy_tip13_3505_anchor\"><\/a> <div class=\"tippy\" data-title=\"14\" data-href=\"https:\/\/www.ziiz.eus\/es\/eskola-profesionala-lanbide-eskola\/#foot_text_3666_14\" data-class=\"annie_footnoteRef annie_custom\" data-name=\"foot_loc_3666_14\" data-showheader=\"\" data-anchor=\"#tippy_tip13_3505_anchor\" >B.O.E. 29 de abril de 1959<\/div><a title=\"\" href=\"file:\/\/\/C:\/Users\/PMEtxabe\/Documents\/ZIIZ\/Formaci%C3%B3n%20profesional\/Escuela%20Profesional\/Escuela%20Profesional-cas.doc#_edn5\"><br \/>\n<\/a><\/p>\n<p>Esta carencia fue resuelta por la Orden del 27 de enero de 1964 del Ministerio de Educaci\u00f3n Nacional al clasificar como Centro no oficial \u201cautorizado\u201d de Formaci\u00f3n Profesional correspondiente al Grado de Aprendizaje<a class=\"shutterset_\" title=\" Ejercicios de taller, bajo la atenci\u00f3n del profesor Pako Iraola. Cedida por Tom\u00e1s Aizpuru\" href=\"https:\/\/www.ziiz.eus\/wp-content\/gallery\/eskola-profesionala\/foto-3final.jpg\" data-image-id=\"1589\" data-src=\"https:\/\/www.ziiz.eus\/wp-content\/gallery\/eskola-profesionala\/foto-3final.jpg\" data-thumbnail=\"https:\/\/www.ziiz.eus\/wp-content\/gallery\/eskola-profesionala\/thumbs\/thumbs_foto-3final.jpg\" data-title=\"foto-3final\" data-description=\" \"><img loading=\"lazy\" decoding=\"async\" class=\"ngg-singlepic ngg-none alignleft\" style=\"margin: 10px;\" alt=\"foto-3final\" src=\"https:\/\/www.ziiz.eus\/wp-content\/gallery\/eskola-profesionala\/thumbs\/thumbs_foto-3final.jpg\" width=\"198\" height=\"125\" \/><\/a> en las especialidades de ajuste-torno de la secci\u00f3n mec\u00e1nica de la Rama del Metal, debiendo realizarse la inscripci\u00f3n de matr\u00edcula de sus alumnos en la Escuela de Maestr\u00eda Industrial de Donostia.<a id=\"tippy_tip14_2433_anchor\"><\/a> <div class=\"tippy\" data-title=\"15\" data-href=\"https:\/\/www.ziiz.eus\/es\/eskola-profesionala-lanbide-eskola\/#foot_text_3666_15\" data-class=\"annie_footnoteRef annie_custom\" data-name=\"foot_loc_3666_15\" data-showheader=\"\" data-anchor=\"#tippy_tip14_2433_anchor\" >B.O.E. 20 de febrero de 1964<\/div><a title=\"\" href=\"file:\/\/\/C:\/Users\/PMEtxabe\/Documents\/ZIIZ\/Formaci%C3%B3n%20profesional\/Escuela%20Profesional\/Escuela%20Profesional-cas.doc#_edn6\"><br \/>\n<\/a><\/p>\n<p>El incremento del n\u00famero de alumnos producido en la segunda mitad de los a\u00f1os 50, demanda un mayor espacio, sobre todo en los talleres. As\u00ed, por resoluci\u00f3n de la \u2018Obra Sindical del Hogar y de Arquitectura\u2019, del 10 de marzo de 1961,<a id=\"tippy_tip15_6404_anchor\"><\/a> <div class=\"tippy\" data-title=\"16\" data-href=\"https:\/\/www.ziiz.eus\/es\/eskola-profesionala-lanbide-eskola\/#foot_text_3666_16\" data-class=\"annie_footnoteRef annie_custom\" data-name=\"foot_loc_3666_16\" data-showheader=\"\" data-anchor=\"#tippy_tip15_6404_anchor\" >B.O.E. 16 de marzo de 1961<\/div>\u00a0se publica el anuncio del concurso-subasta para la adjudicaci\u00f3n de las obras de ampliaci\u00f3n y reforma de la Escuela, previa cesi\u00f3n del Ayuntamiento de la otra mitad de la planta baja de la Alh\u00f3ndiga. Gracias a estas obras se ampli\u00f3 el taller y se habilit\u00f3 un aula de dibujo en la entreplanta donde se encontraba el despacho de Direcci\u00f3n y Secretar\u00eda de la Escuela.<\/p>\n<p>Por decreto 2058\/1972, de 21 de julio, de la Presidencia del Gobierno, en el plazo de dos a\u00f1os de la entrada en vigor de la Ley General de Educaci\u00f3n, se establece la integraci\u00f3n de la Escuela en el sistema educativo general, como Centro no estatal de ense\u00f1anza de Formaci\u00f3n Profesional.<a class=\"shutterset_\" title=\" Trabajo de forja, golpeando sobre el yunque, con el horno al fondo. Cedida por Tomas Aizpuru\" href=\"https:\/\/www.ziiz.eus\/wp-content\/gallery\/eskola-profesionala\/mazo-6-1.jpg\" data-image-id=\"1588\" data-src=\"https:\/\/www.ziiz.eus\/wp-content\/gallery\/eskola-profesionala\/mazo-6-1.jpg\" data-thumbnail=\"https:\/\/www.ziiz.eus\/wp-content\/gallery\/eskola-profesionala\/thumbs\/thumbs_mazo-6-1.jpg\" data-title=\"mazo-6-1\" data-description=\" \"><img loading=\"lazy\" decoding=\"async\" class=\"ngg-singlepic ngg-none alignright\" style=\"margin: 10px;\" alt=\"mazo-6-1\" src=\"https:\/\/www.ziiz.eus\/wp-content\/gallery\/eskola-profesionala\/thumbs\/thumbs_mazo-6-1.jpg\" width=\"198\" height=\"119\" \/><\/a><a id=\"tippy_tip16_2628_anchor\"><\/a> <div class=\"tippy\" data-title=\"17\" data-href=\"https:\/\/www.ziiz.eus\/es\/eskola-profesionala-lanbide-eskola\/#foot_text_3666_17\" data-class=\"annie_footnoteRef annie_custom\" data-name=\"foot_loc_3666_17\" data-showheader=\"\" data-anchor=\"#tippy_tip16_2628_anchor\" >B.O.E. 31 de julio de 1972<\/div><a title=\"\" href=\"file:\/\/\/C:\/Users\/PMEtxabe\/Documents\/ZIIZ\/Formaci%C3%B3n%20profesional\/Escuela%20Profesional\/Escuela%20Profesional-cas.doc#_edn8\"><br \/>\n<\/a><\/p>\n<p>La Escuela continu\u00f3 con su labor hasta el curso 1983-84. Durante los treinta a\u00f1os de funcionamiento pasaron por sus aulas y talleres 1.786, j\u00f3venes comprendidos entre los 13 y 17 a\u00f1os, oscilando el n\u00famero de alumnos de cada curso escolar entre los 17 del curso 1953\/54 y los 102 del 1976\/77, terminando con 19 el \u00faltimo curso.<a id=\"tippy_tip17_3971_anchor\"><\/a> <div class=\"tippy\" data-title=\"18\" data-href=\"https:\/\/www.ziiz.eus\/es\/eskola-profesionala-lanbide-eskola\/#foot_text_3666_18\" data-class=\"annie_footnoteRef annie_custom\" data-name=\"foot_loc_3666_18\" data-showheader=\"\" data-anchor=\"#tippy_tip17_3971_anchor\" >Aloy Ruiz, M.M. (1987): Historia de la formaci\u00f3n profesional en Guip\u00fazcoa durante el siglo XX. KM, Fondos reservados<\/div><a title=\"\" href=\"file:\/\/\/C:\/Users\/PMEtxabe\/Documents\/ZIIZ\/Formaci%C3%B3n%20profesional\/Escuela%20Profesional\/Escuela%20Profesional-cas.doc#_edn9\"><br \/>\n<\/a><\/p>\n<div><\/div>\n<p><\/p>","protected":false},"excerpt":{"rendered":"<p>Fundaci\u00f3n La formaci\u00f3n profesional como herramienta fundamental para el desarrollo productivo e industrial, dio un importante paso en Zumaia, a comienzos de la d\u00e9cada de los 50 del pasado siglo. Con el objeto de mejorar la capacitaci\u00f3n de los j\u00f3venes trabajadores surgi\u00f3 el proyecto de crear una escuela profesional. \u00a0\u201cDesde hace ya muchos a\u00f1os se [&hellip;]<\/p>\n","protected":false},"author":2,"featured_media":3679,"parent":0,"menu_order":0,"comment_status":"closed","ping_status":"open","template":"","meta":{"_monsterinsights_skip_tracking":false,"_monsterinsights_sitenote_active":false,"_monsterinsights_sitenote_note":"","_monsterinsights_sitenote_category":0,"ngg_post_thumbnail":0,"footnotes":""},"_links":{"self":[{"href":"https:\/\/www.ziiz.eus\/es\/wp-json\/wp\/v2\/pages\/3666"}],"collection":[{"href":"https:\/\/www.ziiz.eus\/es\/wp-json\/wp\/v2\/pages"}],"about":[{"href":"https:\/\/www.ziiz.eus\/es\/wp-json\/wp\/v2\/types\/page"}],"author":[{"embeddable":true,"href":"https:\/\/www.ziiz.eus\/es\/wp-json\/wp\/v2\/users\/2"}],"replies":[{"embeddable":true,"href":"https:\/\/www.ziiz.eus\/es\/wp-json\/wp\/v2\/comments?post=3666"}],"version-history":[{"count":57,"href":"https:\/\/www.ziiz.eus\/es\/wp-json\/wp\/v2\/pages\/3666\/revisions"}],"predecessor-version":[{"id":7076,"href":"https:\/\/www.ziiz.eus\/es\/wp-json\/wp\/v2\/pages\/3666\/revisions\/7076"}],"wp:featuredmedia":[{"embeddable":true,"href":"https:\/\/www.ziiz.eus\/es\/wp-json\/wp\/v2\/media\/3679"}],"wp:attachment":[{"href":"https:\/\/www.ziiz.eus\/es\/wp-json\/wp\/v2\/media?parent=3666"}],"curies":[{"name":"wp","href":"https:\/\/api.w.org\/{rel}","templated":true}]}}