{"id":214,"date":"2011-04-08T22:54:38","date_gmt":"2011-04-08T21:54:38","guid":{"rendered":"https:\/\/www.ziiz.eus\/?page_id=214"},"modified":"2014-05-19T11:23:14","modified_gmt":"2014-05-19T10:23:14","slug":"kokaguneak","status":"publish","type":"page","link":"https:\/\/www.ziiz.eus\/es\/kokaguneak\/","title":{"rendered":"Localizaciones"},"content":{"rendered":"<p>El sector pionero de la industrializaci\u00f3n de Zumaia fue el cementero, gracias a las f\u00e1bricas creadas entre mediados del siglo XIX y principios del XX. \u00a0Se establecieron en el barrio de Narrondo y en Oikia, aunque las f\u00e1bricas m\u00e1s importantes construidas por zumaianos, estuvieron emplazadas en Arroa y Bedua, en el t\u00e9rmino municipal de Zestoa.<\/p>\n<p>El resto de los principales emplazamientos industriales se localizaron en el ensanche de Arrangoleta, el entorno de Ondartxo\/Iturtxo-Ardantzabide, el \u00e1rea de la calle Etxezarreta, en la zona de Santiago y en la zona industrial de la Estaci\u00f3n.<\/p>\n<p><iframe width='100%' height='500px' frameBorder='0' src='http:\/\/a.tiles.mapbox.com\/v3\/ziiz.i2o14fkf\/attribution,zoompan,zoomwheel,geocoder,share.html'><\/iframe><\/p>","protected":false},"excerpt":{"rendered":"<p>El sector pionero de la industrializaci\u00f3n de Zumaia fue el cementero, gracias a las f\u00e1bricas creadas entre mediados del siglo XIX y principios del XX. \u00a0Se establecieron en el barrio de Narrondo y en Oikia, aunque las f\u00e1bricas m\u00e1s importantes construidas por zumaianos, estuvieron emplazadas en Arroa y Bedua, en el t\u00e9rmino municipal de Zestoa. [&hellip;]<\/p>\n","protected":false},"author":1,"featured_media":0,"parent":0,"menu_order":0,"comment_status":"closed","ping_status":"open","template":"","meta":{"_monsterinsights_skip_tracking":false,"_monsterinsights_sitenote_active":false,"_monsterinsights_sitenote_note":"","_monsterinsights_sitenote_category":0,"ngg_post_thumbnail":0,"footnotes":""},"_links":{"self":[{"href":"https:\/\/www.ziiz.eus\/es\/wp-json\/wp\/v2\/pages\/214"}],"collection":[{"href":"https:\/\/www.ziiz.eus\/es\/wp-json\/wp\/v2\/pages"}],"about":[{"href":"https:\/\/www.ziiz.eus\/es\/wp-json\/wp\/v2\/types\/page"}],"author":[{"embeddable":true,"href":"https:\/\/www.ziiz.eus\/es\/wp-json\/wp\/v2\/users\/1"}],"replies":[{"embeddable":true,"href":"https:\/\/www.ziiz.eus\/es\/wp-json\/wp\/v2\/comments?post=214"}],"version-history":[{"count":22,"href":"https:\/\/www.ziiz.eus\/es\/wp-json\/wp\/v2\/pages\/214\/revisions"}],"predecessor-version":[{"id":3732,"href":"https:\/\/www.ziiz.eus\/es\/wp-json\/wp\/v2\/pages\/214\/revisions\/3732"}],"wp:attachment":[{"href":"https:\/\/www.ziiz.eus\/es\/wp-json\/wp\/v2\/media?parent=214"}],"curies":[{"name":"wp","href":"https:\/\/api.w.org\/{rel}","templated":true}]}}