{"id":10,"date":"2011-03-25T15:15:44","date_gmt":"2011-03-25T15:15:44","guid":{"rendered":"https:\/\/www.ziiz.eus\/?page_id=10"},"modified":"2024-02-17T15:13:38","modified_gmt":"2024-02-17T14:13:38","slug":"industrializazioa-zumaian","status":"publish","type":"page","link":"https:\/\/www.ziiz.eus\/es\/industrializazioa-zumaian\/","title":{"rendered":"Industrializaci\u00f3n en Zumaia"},"content":{"rendered":"<p><b>Antecedentes.\u00a0<\/b><b>La \u00e9poca preindustrial<\/b><\/p>\n<p>Adem\u00e1s de la importante actividad molinera que tuvo Zumaia a lo largo de los siglos, dentro de la cual caben mencionarse el molino de Narrondo,<a class=\"shutterset_\" title=\" La ferrer\u00eda de Igarza, de Oikia, uno de los exponentes de la \u00e9poca preindustrial. Recreada por Daniel Carballo\" href=\"https:\/\/www.ziiz.eus\/wp-content\/gallery\/olaizola-y-compania\/ferreria-de-igartza-002-oikia-zumaia-dibujo-daniel-carballo-x.jpg\" data-image-id=\"1508\" data-src=\"https:\/\/www.ziiz.eus\/wp-content\/gallery\/olaizola-y-compania\/ferreria-de-igartza-002-oikia-zumaia-dibujo-daniel-carballo-x.jpg\" data-thumbnail=\"https:\/\/www.ziiz.eus\/wp-content\/gallery\/olaizola-y-compania\/thumbs\/thumbs_ferreria-de-igartza-002-oikia-zumaia-dibujo-daniel-carballo-x.jpg\" data-title=\"ferreria-de-igartza-002-oikia-zumaia-dibujo-daniel-carballo-x\" data-description=\" \"><img loading=\"lazy\" decoding=\"async\" class=\"ngg-singlepic ngg-left alignleft\" style=\"margin: 10px;\" src=\"https:\/\/www.ziiz.eus\/wp-content\/gallery\/olaizola-y-compania\/thumbs\/thumbs_ferreria-de-igartza-002-oikia-zumaia-dibujo-daniel-carballo-x.jpg\" alt=\"ferreria-de-igartza-002-oikia-zumaia-dibujo-daniel-carballo-x\" width=\"200\" height=\"121\" \/><\/a> uno de los m\u00e1s antiguos de Gipuzkoa, y el molino de mareas de Zubiaurre, por su singularidad, hubo dos actividades en la \u00e9poca preindustrial \u00a0que merecen ser destacadas y que tuvieron su periodo de esplendor entre los siglos XV-XVII. Por una parte, la construcci\u00f3n naval, con numerosos astilleros ubicados en las proximidades del n\u00facleo amurallado y a lo largo de los dos m\u00e1rgenes de la r\u00eda del Urola, hasta Oikia, y la actividad de las ferrer\u00edas de <i>Narrondo<\/i> e <i>Igarza<\/i> o <i>Yarza<\/i> de, Oikia, habiendo prolongado esta \u00faltima su actividad hasta principios del XIX.<a id=\"tippy_tip1_2866_anchor\"><\/a> <div class=\"tippy\" data-title=\"2\" data-href=\"https:\/\/www.ziiz.eus\/es\/industrializazioa-zumaian\/#foot_text_10_2\" data-class=\"annie_footnoteRef annie_custom\" data-name=\"foot_loc_10_2\" data-showheader=\"\" data-anchor=\"#tippy_tip1_2866_anchor\" >Odriozola, L. (1998): \u201cZumaiaren Historia\u201d. Zumaiako Udala, p\u00e1g. 382<\/div><a title=\"\" href=\"file:\/\/\/C:\/Users\/PMEtxabe\/Documents\/ZIIZ\/ZIIZ-Zentroa\/Web%20gunea\/Testuak\/Industrializazioa\/Industrializazioa-cas.doc#_edn1\"><br \/>\n<\/a><b><\/b><\/p>\n<p><b>La Industrializaci\u00f3n<\/b><\/p>\n<p>Sin embargo,\u00a0fue la\u00a0industria cementera, el motor de arranque de la industrializaci\u00f3n, hacia mediados del siglo XIX, que con la relevancia alcanzada propici\u00f3 la mejora del puerto,<a class=\"shutterset_\" title=\" El sector cementero pionero en la industrializaci\u00f3n de Zumaia\" href=\"https:\/\/www.ziiz.eus\/wp-content\/gallery\/olaizola-y-compania\/Olaizola-y-Cia-1897_Membrete.JPG\" data-image-id=\"1631\" data-src=\"https:\/\/www.ziiz.eus\/wp-content\/gallery\/olaizola-y-compania\/Olaizola-y-Cia-1897_Membrete.JPG\" data-thumbnail=\"https:\/\/www.ziiz.eus\/wp-content\/gallery\/olaizola-y-compania\/thumbs\/thumbs_Olaizola-y-Cia-1897_Membrete.JPG\" data-title=\"Olaizola y Cia-1897_Membrete\" data-description=\" \"><img loading=\"lazy\" decoding=\"async\" class=\"ngg-singlepic ngg-right alignright\" style=\"margin: 10px;\" src=\"https:\/\/www.ziiz.eus\/wp-content\/gallery\/olaizola-y-compania\/thumbs\/thumbs_Olaizola-y-Cia-1897_Membrete.JPG\" alt=\"Olaizola y Cia-1897_Membrete\" width=\"162\" height=\"150\" \/><\/a> que a su vez impuls\u00f3 el renacimiento de la construcci\u00f3n naval y el surgimiento de la industria del motor.<\/p>\n<p>A finales de este siglo, nace una de las empresas emblem\u00e1ticas de Zumaia, tanto por su dimensi\u00f3n para la \u00e9poca, como por la estructura de sus edificios. Es la f\u00e1brica de yute \u00a0destinada, principalmente, a la producci\u00f3n de sacos, como nuevo tipo de envase para el cemento, y redes de pesca.<\/p>\n<p>Pr\u00e1cticamente al mismo tiempo, en el umbral del siglo XX, comienza el resurgimiento de la industria naval, despu\u00e9s de m\u00e1s de dos siglos de recesi\u00f3n y crisis, con la aparici\u00f3n de nuevos astilleros en las zonas de Ondartxo y Arrangoleta.<a class=\"shutterset_\" title=\"Ramonchuren botadura. - Botadura del Ramonchu\" href=\"https:\/\/www.ziiz.eus\/wp-content\/gallery\/querejeta\/querejeta.jpg\" data-image-id=\"1435\" data-src=\"https:\/\/www.ziiz.eus\/wp-content\/gallery\/querejeta\/querejeta.jpg\" data-thumbnail=\"https:\/\/www.ziiz.eus\/wp-content\/gallery\/querejeta\/thumbs\/thumbs_querejeta.jpg\" data-title=\"querejeta\" data-description=\"Ramonchuren botadura. - Botadura del Ramonchu\"><img loading=\"lazy\" decoding=\"async\" class=\"ngg-singlepic ngg-left\" src=\"https:\/\/www.ziiz.eus\/wp-content\/gallery\/querejeta\/querejeta.jpg\" alt=\"querejeta\" width=\"165\" height=\"115\" \/><\/a><\/p>\n<p>El\u00a0 renacimiento de la construcci\u00f3n naval anim\u00f3 a nuevos emprendedores a meterse en el campo de la propulsi\u00f3n mec\u00e1nica para barcos, con la fabricaci\u00f3n de las m\u00e1quinas de vapor y motores de combusti\u00f3n interna. Esta actividad fue el caldo de cultivo que gener\u00f3 toda una cultura industrial basada en la mec\u00e1nica que facilit\u00f3, posteriormente, la creaci\u00f3n de empresas de m\u00e1quina-herramienta, equipos para siderurgia y fundici\u00f3n, maquinaria para trabajar la madera o componentes de automoci\u00f3n,\u00a0a<a class=\"shutterset_\" title=\"Bi zilindroko lurrun-makina. C. Unanueren familiak utzita. - M\u00e1quina de vapor de dos cilindros. Cedida por la familia de C. Unanue\" href=\"https:\/\/www.ziiz.eus\/wp-content\/gallery\/carmelo-unanue-s-a\/file0092.jpg\" data-image-id=\"805\" data-src=\"https:\/\/www.ziiz.eus\/wp-content\/gallery\/carmelo-unanue-s-a\/file0092.jpg\" data-thumbnail=\"https:\/\/www.ziiz.eus\/wp-content\/gallery\/carmelo-unanue-s-a\/thumbs\/thumbs_file0092.jpg\" data-title=\"file0092\" data-description=\"Bi zilindroko lurrun-makina. C. Unanueren familiak utzita. - M\u00e1quina de vapor de dos cilindros. Cedida por la familia de C. Unanue\"><img loading=\"lazy\" decoding=\"async\" class=\"ngg-singlepic ngg-right\" src=\"https:\/\/www.ziiz.eus\/wp-content\/gallery\/carmelo-unanue-s-a\/file0092.jpg\" alt=\"file0092\" width=\"79\" height=\"105\" \/><\/a>dem\u00e1s de numerosos talleres mec\u00e1nicos auxiliares. M\u00e1s tarde se van implantando empresas de otros sectores como el del mueble, automatizaci\u00f3n industrial o panificadoras industriales.<\/p>\n<p>A comienzos del siglo XXI, Zumaia cuenta con un tejido industrial m\u00e1s diversificado, en sectores como el naval, energ\u00e9tico, sider\u00fargico, automoci\u00f3n, construcci\u00f3n o alimentaci\u00f3n, que ofrece mejores perspectivas de conjunto a la hora de afrontar los periodos de crisis.<\/p>\n<p><a class=\"shutterset_\" title=\"Fresadora F-5-C. Cedida por Rudy Holke\" href=\"https:\/\/www.ziiz.eus\/wp-content\/gallery\/otto-holke\/Fresadora-Holke-F5C-002W.jpg\" data-image-id=\"1669\" data-src=\"https:\/\/www.ziiz.eus\/wp-content\/gallery\/otto-holke\/Fresadora-Holke-F5C-002W.jpg\" data-thumbnail=\"https:\/\/www.ziiz.eus\/wp-content\/gallery\/otto-holke\/thumbs\/thumbs_Fresadora-Holke-F5C-002W.jpg\" data-title=\"Fresadora Holke F5C - 002W\" data-description=\"F-5-C makina fresatzailea. Rudy Holkek lagata Fresadora F-5-C. Cedida por Rudy Holke\"><img decoding=\"async\" class=\"ngg-singlepic ngg-left\" src=\"https:\/\/www.ziiz.eus\/wp-content\/gallery\/otto-holke\/thumbs\/thumbs_Fresadora-Holke-F5C-002W.jpg\" alt=\"Fresadora Holke F5C - 002W\" \/><\/a>Mediante este sitio de Internet y en una primera fase, se ofrece una rese\u00f1a de la memoria de aquellas empresas ya desaparecidas, pertenecientes a los cuatro sectores que tuvieron un mayor peso en la industrializaci\u00f3n de Zumaia:<\/p>\n<ul>\n<li>Cemento<\/li>\n<li>Construcci\u00f3n naval<\/li>\n<li>Motores marinos<\/li>\n<li>M\u00e1quinas-herramienta y otras m\u00e1quinas<\/li>\n<\/ul>\n<div>\n<div>\n<p><a title=\"\" href=\"file:\/\/\/C:\/Users\/PMEtxabe\/Documents\/ZIIZ\/ZIIZ-Zentroa\/Web%20gunea\/Testuak\/Industrializazioa\/Industrializazioa-cas.doc#_ednref1\">\u00a0<\/a><\/p>\n<\/div>\n<\/div>\n<p><\/p>","protected":false},"excerpt":{"rendered":"<p>Antecedentes.\u00a0La \u00e9poca preindustrial Adem\u00e1s de la importante actividad molinera que tuvo Zumaia a lo largo de los siglos, dentro de la cual caben mencionarse el molino de Narrondo, uno de los m\u00e1s antiguos de Gipuzkoa, y el molino de mareas de Zubiaurre, por su singularidad, hubo dos actividades en la \u00e9poca preindustrial \u00a0que merecen ser [&hellip;]<\/p>\n","protected":false},"author":1,"featured_media":4573,"parent":0,"menu_order":1,"comment_status":"closed","ping_status":"closed","template":"","meta":{"_monsterinsights_skip_tracking":false,"_monsterinsights_sitenote_active":false,"_monsterinsights_sitenote_note":"","_monsterinsights_sitenote_category":0,"ngg_post_thumbnail":0,"footnotes":""},"_links":{"self":[{"href":"https:\/\/www.ziiz.eus\/es\/wp-json\/wp\/v2\/pages\/10"}],"collection":[{"href":"https:\/\/www.ziiz.eus\/es\/wp-json\/wp\/v2\/pages"}],"about":[{"href":"https:\/\/www.ziiz.eus\/es\/wp-json\/wp\/v2\/types\/page"}],"author":[{"embeddable":true,"href":"https:\/\/www.ziiz.eus\/es\/wp-json\/wp\/v2\/users\/1"}],"replies":[{"embeddable":true,"href":"https:\/\/www.ziiz.eus\/es\/wp-json\/wp\/v2\/comments?post=10"}],"version-history":[{"count":96,"href":"https:\/\/www.ziiz.eus\/es\/wp-json\/wp\/v2\/pages\/10\/revisions"}],"predecessor-version":[{"id":77,"href":"https:\/\/www.ziiz.eus\/es\/wp-json\/wp\/v2\/pages\/10\/revisions\/77"}],"wp:featuredmedia":[{"embeddable":true,"href":"https:\/\/www.ziiz.eus\/es\/wp-json\/wp\/v2\/media\/4573"}],"wp:attachment":[{"href":"https:\/\/www.ziiz.eus\/es\/wp-json\/wp\/v2\/media?parent=10"}],"curies":[{"name":"wp","href":"https:\/\/api.w.org\/{rel}","templated":true}]}}